{"id":4186,"date":"2022-12-26T18:00:45","date_gmt":"2022-12-26T17:00:45","guid":{"rendered":"http:\/\/expert-wiedzy.pl\/?post_type=product&#038;p=4186"},"modified":"2023-02-15T18:23:02","modified_gmt":"2023-02-15T17:23:02","slug":"excel-sredniozaawansowany","status":"publish","type":"product","link":"https:\/\/expert-wiedzy.pl\/index.php\/produkt\/excel-sredniozaawansowany\/","title":{"rendered":"Excel \u015bredniozaawansowany"},"content":{"rendered":"<h2><strong>Cel szkolenia:<\/strong><\/h2>\n<p>Wzmocnienie umiej\u0119tno\u015bci wykorzystywania programu Excel z pakietu Microsoft Office. Po uko\u0144czeniu kursu uczestnik nab\u0119dzie wiedz\u0119 w tworzeniu tabel, wykres\u00f3w, raport\u00f3w i analiz. Szkolenie jest kontynuacj\u0105 &#8222;Microsoft Excel Podstawowy&#8221; dla os\u00f3b znaj\u0105cych podstawy i chc\u0105cych udoskonali\u0107 swoj\u0105 wiedz\u0119. Sk\u0142ada si\u0119 z przegl\u0105du najwa\u017cniejszych funkcji i narz\u0119dzi Excela oraz warsztat\u00f3w praktycznych.<\/p>\n<p>&nbsp;<\/p>\n<h2><strong>Uzyskane umiej\u0119tno\u015bci:<\/strong><\/h2>\n<p>Uczestnik dzi\u0119ki udziale w szkoleniu b\u0119dzie potrafi\u0142:<\/p>\n<ul>\n<li>formatowa\u0107 warunkowo dane<\/li>\n<li>stosowa\u0107 niestandardowe formaty danych<\/li>\n<li>tworzy\u0107 zaawansowane tabele danych<\/li>\n<li>korzysta\u0107 ze z\u0142o\u017conych formu\u0142 obliczeniowych i funkcji<\/li>\n<li>opanuje funkcje logiczne, matematyczne, statystyczne, logiczne, tekstowe i funkcje zwi\u0105zane z datami<\/li>\n<li>praktycznie wykorzysta\u0107 najwa\u017cniejsze narz\u0119dzia danych<\/li>\n<li>tworzy\u0107 tabele i wykresy przestawne<\/li>\n<li>korzysta\u0107 z zaawansowanych metod sortowania i filtrowania danych<\/li>\n<li>dokonywa\u0107 zaawansowanej graficznej wizualizacji danych<\/li>\n<li>edytowa\u0107 zaawansowane parametry wykres\u00f3w<\/li>\n<li>pracowa\u0107 z kilkoma skoroszytami i arkuszami oraz tworzy\u0107 powi\u0105zania mi\u0119dzy nimi<\/li>\n<li>zabezpiecza\u0107 arkusz, skoroszyt jak r\u00f3wnie\u017c szyfrowa\u0107 plik przy u\u017cyciu klucza.<\/li>\n<li>utrwali skr\u00f3ty klawiszowe przyspieszaj\u0105ce prac\u0119<\/li>\n<\/ul>\n<h2><\/h2>\n<h2><strong>Przygotowanie uczestnik\u00f3w do szkolenia:<\/strong><\/h2>\n<p>Podstawowa obs\u0142uga systemu operacyjnego Windows. Szkolenie przeznaczone jest dla os\u00f3b znaj\u0105cych arkusz kalkulacyjny na poziomie podstawowym<\/p>\n<p>&nbsp;<\/p>\n<h2><strong>Test wst\u0119pny przed zapisem na szkolenie:<\/strong><\/h2>\n<p>Mo\u017cliwo\u015b\u0107 potwierdzenia wyboru w\u0142a\u015bciwego poziomu szkolenia poprzez sprawdzenie umiej\u0119tno\u015bci za pomoc\u0105 testu wst\u0119pnego przed zapisem na szkolenie<\/p>\n<p>&nbsp;<\/p>\n<h2><strong>Materia\u0142y szkoleniowe i skrypty:<\/strong><\/h2>\n<p>W przypadku szkole\u0144 stacjonarnych ka\u017cdy uczestnik otrzyma wydrukowany skrypt i materia\u0142y szkoleniowe w formie elektronicznej na no\u015bniku pendrive.<\/p>\n<p>W przypadku szkole\u0144 zdalnych, hybrydowych i online linki do pobrania skryptu w pliku PDF i materia\u0142\u00f3w w pliku ZIP s\u0105 przesy\u0142ane na adres email uczestnika.<\/p>\n<p><strong>\u00a0<\/strong><\/p>\n<h2><strong>Certyfikat:<\/strong><\/h2>\n<p>Ka\u017cdy z uczestnik\u00f3w otrzymuje certyfikat uko\u0144czenia szkolenia w wersji polskiej i angielskiej. W\u00a0przypadku szkole\u0144 stacjonarnych w formie drukowanej, w przypadku pozosta\u0142ych szkole\u0144 (zdalnych, hybrydowych, online) w formie elektronicznej.<\/p>\n<p><strong>\u00a0<\/strong><strong>\u00a0<\/strong><\/p>\n<h2><strong>Dodatkowe benefity dla uczestnik\u00f3w szkole\u0144:<\/strong><strong>\u00a0<\/strong><\/h2>\n<ul>\n<li><strong>Opieka trenera 30 dni:<br \/>\n<\/strong>Przez okres 30 dni ka\u017cdy uczestnik b\u0119dzie mia\u0142 przypisanego osobistego trenera, kt\u00f3ry odpowie na wszelkie pytania mieszcz\u0105ce si\u0119 w zakresie szkolenia, w tym r\u00f3wnie\u017c pomo\u017ce rozwi\u0105za\u0107 zadania ze skryptu szkoleniowego, otrzymanego na szkoleniu.\u00a0Nasz trener b\u0119dzie sugerowa\u0107 potencjalne sposoby rozwi\u0105zania oraz poka\u017ce Ci niezb\u0119dne zasoby, aby znale\u017a\u0107 najlepsz\u0105 \u015bcie\u017ck\u0119 do rozwi\u0105zania\u00a0 problem\u00f3w.<\/li>\n<li><strong>Gwarancja przyswojenia wiedzy:<br \/>\n<\/strong>Zapewniamy efektywno\u015b\u0107 nauki &#8211;\u00a0nasze szkolenia obj\u0119te s\u0105 programem \u201eGwarancja Przyswojenia Wiedzy\u201d. Je\u015bli uznasz, \u017ce w niewystarczaj\u0105cym stopniu przyswoi\u0142e\u015b poruszane zagadnienia \u2013 zaproponujemy Ci bezp\u0142atne uczestnictwo w kolejnym terminie szkolenia (zgodnie z dost\u0119pno\u015bci\u0105 miejsc i naszym regulaminem*).<\/li>\n<li><strong>Dost\u0119p do nagra\u0144 ze szkolenia 7 dni:<\/strong><\/li>\n<\/ul>\n<p>Dla szkole\u0144 zdalnych zapewniamy dost\u0119p do nagra\u0144 ze szkolenia przez okres 7 dni, dzi\u0119ki czemu mo\u017cesz powtarza\u0107 i utrwala\u0107 swoj\u0105 wiedz\u0119 poprzez wykonywanie \u0107wicze\u0144 poruszanych na szkoleniu.<\/p>\n<ul>\n<li><strong>Dost\u0119p do platformy szkoleniowej z dodatkowymi zadaniami na 30 dni:<\/strong><\/li>\n<\/ul>\n<p>Ka\u017cdy uczestnik otrzyma na sw\u00f3j adres email dane dost\u0119powe do platformy szkoleniowej zawieraj\u0105cej dodatkowe zadania dotycz\u0105ce zakresu szkolenia, kt\u00f3rych wykonanie przyczyni si\u0119 do lepszego utrwalenia przyswajanej wiedzy.<\/p>\n<ul>\n<li><strong>Egzamin:<\/strong><\/li>\n<\/ul>\n<p>Uczestnik mo\u017ce w ci\u0105gu 30 dni od zako\u0144czenia szkolenia przyst\u0105pi\u0107 do bezp\u0142atnego egzaminu sprawdzaj\u0105cego wiedz\u0119 teoretyczn\u0105 i praktyczn\u0105 na temat programu. Egzamin mo\u017ce by\u0107 realizowany stacjonarnie lub zdalnie. Uzyskanie 75% poprawnych odpowiedzi pozwala na zdobycie certyfikatu &#8222;Rzetelni w IT&#8221; w zakresie danego szkolenia. \u00a0Certyfikat wydawany jest bezp\u0142atnie w formie elektronicznej.<\/p>\n<p>&nbsp;<\/p>\n<p>&nbsp;<\/p>\n","protected":false},"excerpt":{"rendered":"<h2><strong>Informacje o szkoleniu:<\/strong><\/h2>\n<ul>\n<li>Szkolenie otwarte stacjonarne<\/li>\n<li>Ilo\u015b\u0107 uczestnik\u00f3w 3-12 os\u00f3b<\/li>\n<li>Wymiar czasu szkolenia: 2 dni w godz. 9:00-16:00 (16 godzin dydaktycznych)<\/li>\n<li>Wybierz dogodny termin szkolenia<\/li>\n<li>Wybierz miasto szkolenia &#8211; dok\u0142adny adres dost\u0119pnej sali szkoleniowej zostanie przes\u0142any przed szkoleniem.<\/li>\n<li>Skrypt drukowany i materia\u0142y \u0107wiczeniowe na pendrive<\/li>\n<li>Opieka trenera przez okres 30 dni<\/li>\n<li>Gwarancja przyswojenia wiedzy<\/li>\n<li>Certyfikat uko\u0144czenia szkolenia PL\/EN<\/li>\n<\/ul>\n<p><strong>UWAGA: W przypadku braku zg\u0142oszenia si\u0119 na szkolenie min 5 os\u00f3b szkolenie mo\u017ce zosta\u0107 prze\u0142o\u017cone na inny termin.<\/strong><\/p>\n","protected":false},"featured_media":4211,"comment_status":"closed","ping_status":"closed","template":"","meta":[],"product_cat":[41],"product_tag":[],"class_list":["post-4186","product","type-product","status-publish","has-post-thumbnail","hentry","product_cat-szkolenia-stacjonarne"],"jetpack_sharing_enabled":true,"_links":{"self":[{"href":"https:\/\/expert-wiedzy.pl\/index.php\/wp-json\/wp\/v2\/product\/4186","targetHints":{"allow":["GET"]}}],"collection":[{"href":"https:\/\/expert-wiedzy.pl\/index.php\/wp-json\/wp\/v2\/product"}],"about":[{"href":"https:\/\/expert-wiedzy.pl\/index.php\/wp-json\/wp\/v2\/types\/product"}],"replies":[{"embeddable":true,"href":"https:\/\/expert-wiedzy.pl\/index.php\/wp-json\/wp\/v2\/comments?post=4186"}],"wp:featuredmedia":[{"embeddable":true,"href":"https:\/\/expert-wiedzy.pl\/index.php\/wp-json\/wp\/v2\/media\/4211"}],"wp:attachment":[{"href":"https:\/\/expert-wiedzy.pl\/index.php\/wp-json\/wp\/v2\/media?parent=4186"}],"wp:term":[{"taxonomy":"product_cat","embeddable":true,"href":"https:\/\/expert-wiedzy.pl\/index.php\/wp-json\/wp\/v2\/product_cat?post=4186"},{"taxonomy":"product_tag","embeddable":true,"href":"https:\/\/expert-wiedzy.pl\/index.php\/wp-json\/wp\/v2\/product_tag?post=4186"}],"curies":[{"name":"wp","href":"https:\/\/api.w.org\/{rel}","templated":true}]}}