{"id":4150,"date":"2022-12-26T00:53:14","date_gmt":"2022-12-25T23:53:14","guid":{"rendered":"http:\/\/expert-wiedzy.pl\/?post_type=product&#038;p=4150"},"modified":"2023-02-15T17:59:56","modified_gmt":"2023-02-15T16:59:56","slug":"excel-podstawowy","status":"publish","type":"product","link":"https:\/\/expert-wiedzy.pl\/index.php\/produkt\/excel-podstawowy\/","title":{"rendered":"Excel podstawowy"},"content":{"rendered":"<h2>Cel szkolenia:<\/h2>\n<p>Szkolenie pozwala na poznanie podstaw pracy z programem MS Excel. Przygotowane \u0107wiczenia w spos\u00f3b praktyczny pozwalaj\u0105 na poznanie zasad prawid\u0142owej pracy w programie. Na podstawie dobrze zaprojektowanych arkuszy i scenariuszy opracowanych przy udziale specjalist\u00f3w z r\u00f3\u017cnych dziedzin i dzia\u0142\u00f3w, poznasz rzetelne podstawy projektowania i tworzenia skoroszyt\u00f3w. Przygotowali\u015bmy r\u00f3wnie\u017c specjaln\u0105 tablic\u0119 z najwa\u017cniejszymi skr\u00f3tami klawiszowymi kt\u00f3r\u0105 otrzymasz podczas szkolenia.<\/p>\n<p>&nbsp;<\/p>\n<h2><strong>Uzyskane umiej\u0119tno\u015bci:<\/strong><\/h2>\n<p>Uczestnik dzi\u0119ki udziale w szkoleniu b\u0119dzie potrafi\u0142:<\/p>\n<ul>\n<li>Sprawnie u\u017cywa\u0107 podstawowych narz\u0119dzi dost\u0119pnych w programie<\/li>\n<li>Wprowadza\u0107 i edytowa\u0107 dane, formatowa\u0107 kom\u00f3rki<\/li>\n<li>Tworzy\u0107 formu\u0142y obliczeniowe z wykorzystaniem operator\u00f3w arytmetycznych<\/li>\n<li>Tworzy\u0107 formu\u0142y z wykorzystaniem podstawowych funkcji<\/li>\n<li>Tworzy\u0107 proste wykresy<\/li>\n<li>Sortowa\u0107 i filtrowa\u0107 dane w podstawowy zakresie<\/li>\n<li>Wykonywa\u0107 poprawnie wydruki<\/li>\n<li>Zapisywa\u0107 dane w r\u00f3\u017cnych formatach<\/li>\n<\/ul>\n<p>&nbsp;<\/p>\n<h2><strong>Przygotowanie uczestnik\u00f3w do szkolenia:<\/strong><\/h2>\n<p>Podstawowa obs\u0142uga systemu operacyjnego Windows. Wszystkie informacje na temat programu Excel zostan\u0105 przekazane od podstaw tak wi\u0119c nie jest konieczna jakakolwiek znajomo\u015b\u0107 tego programu.<\/p>\n<h2><\/h2>\n<h2><strong>Test wst\u0119pny przed zapisem na szkolenie:<\/strong><\/h2>\n<p>Brak testu, ze wzgl\u0119du na podstawowy charakter szkolenia \u2013 szkolenia od podstaw.<\/p>\n<p>&nbsp;<\/p>\n<h2><strong>Materia\u0142y szkoleniowe i skrypty:<\/strong><\/h2>\n<p>W przypadku szkole\u0144 stacjonarnych ka\u017cdy uczestnik otrzyma wydrukowany skrypt i materia\u0142y szkoleniowe w formie elektronicznej na no\u015bniku pendrive.<\/p>\n<p>W przypadku szkole\u0144 zdalnych, hybrydowych i online linki do pobrania skryptu w pliku PDF i materia\u0142\u00f3w w pliku ZIP s\u0105 przesy\u0142ane na adres email uczestnika.<\/p>\n<p><strong>\u00a0<\/strong><\/p>\n<h2><strong>Certyfikat:<\/strong><\/h2>\n<p>Ka\u017cdy z uczestnik\u00f3w otrzymuje certyfikat uko\u0144czenia szkolenia w wersji polskiej i angielskiej. W\u00a0przypadku szkole\u0144 stacjonarnych w formie drukowanej, w przypadku pozosta\u0142ych szkole\u0144 (zdalnych, hybrydowych, online) w formie elektronicznej.<\/p>\n<p><strong>\u00a0<\/strong><strong>\u00a0<\/strong><\/p>\n<h2><strong>Dodatkowe benefity dla uczestnik\u00f3w szkole\u0144:<\/strong><strong>\u00a0<\/strong><\/h2>\n<ul>\n<li><strong>Opieka trenera 30 dni:<br \/>\n<\/strong>Przez okres 30 dni ka\u017cdy uczestnik b\u0119dzie mia\u0142 przypisanego osobistego trenera, kt\u00f3ry odpowie na wszelkie pytania mieszcz\u0105ce si\u0119 w zakresie szkolenia, w tym r\u00f3wnie\u017c pomo\u017ce rozwi\u0105za\u0107 zadania ze skryptu szkoleniowego, otrzymanego na szkoleniu.\u00a0Nasz trener b\u0119dzie sugerowa\u0107 potencjalne sposoby rozwi\u0105zania oraz poka\u017ce Ci niezb\u0119dne zasoby, aby znale\u017a\u0107 najlepsz\u0105 \u015bcie\u017ck\u0119 do rozwi\u0105zania\u00a0 problem\u00f3w.<\/li>\n<li><strong>Gwarancja przyswojenia wiedzy:<br \/>\n<\/strong>Zapewniamy efektywno\u015b\u0107 nauki &#8211;\u00a0nasze szkolenia obj\u0119te s\u0105 programem \u201eGwarancja Przyswojenia Wiedzy\u201d. Je\u015bli uznasz, \u017ce w niewystarczaj\u0105cym stopniu przyswoi\u0142e\u015b poruszane zagadnienia \u2013 zaproponujemy Ci bezp\u0142atne uczestnictwo w kolejnym terminie szkolenia (zgodnie z dost\u0119pno\u015bci\u0105 miejsc i naszym regulaminem*).<\/li>\n<li><strong>Dost\u0119p do nagra\u0144 ze szkolenia 7 dni:<\/strong><\/li>\n<\/ul>\n<p>Dla szkole\u0144 zdalnych zapewniamy dost\u0119p do nagra\u0144 ze szkolenia przez okres 7 dni, dzi\u0119ki czemu mo\u017cesz powtarza\u0107 i utrwala\u0107 swoj\u0105 wiedz\u0119 poprzez wykonywanie \u0107wicze\u0144 poruszanych na szkoleniu.<\/p>\n<ul>\n<li><strong>Dost\u0119p do platformy szkoleniowej z dodatkowymi zadaniami na 30 dni:<\/strong><\/li>\n<\/ul>\n<p>Ka\u017cdy uczestnik otrzyma na sw\u00f3j adres email dane dost\u0119powe do platformy szkoleniowej zawieraj\u0105cej dodatkowe zadania dotycz\u0105ce zakresu szkolenia, kt\u00f3rych wykonanie przyczyni si\u0119 do lepszego utrwalenia przyswajanej wiedzy.<\/p>\n<ul>\n<li><strong>Egzamin:<\/strong><\/li>\n<\/ul>\n<p>Uczestnik mo\u017ce w ci\u0105gu 30 dni od zako\u0144czenia szkolenia przyst\u0105pi\u0107 do bezp\u0142atnego egzaminu sprawdzaj\u0105cego wiedz\u0119 teoretyczn\u0105 i praktyczn\u0105 na temat programu. Egzamin mo\u017ce by\u0107 realizowany stacjonarnie lub zdalnie. Uzyskanie 75% poprawnych odpowiedzi pozwala na zdobycie certyfikatu &#8222;Rzetelni w IT&#8221; w zakresie danego szkolenia. \u00a0Certyfikat wydawany jest bezp\u0142atnie w formie elektronicznej.<\/p>\n<p>&nbsp;<\/p>\n<p>&nbsp;<\/p>\n","protected":false},"excerpt":{"rendered":"<h2><strong>Informacje o szkoleniu:<\/strong><\/h2>\n<ul>\n<li>Szkolenie otwarte stacjonarne<\/li>\n<li>Ilo\u015b\u0107 uczestnik\u00f3w 3-12 os\u00f3b<\/li>\n<li>Wymiar czasu szkolenia: 2 dni w godz. 9:00-16:00 (16 godzin dydaktycznych)<\/li>\n<li>Wybierz dogodny termin szkolenia<\/li>\n<li>Wybierz miasto szkolenia &#8211; dok\u0142adny adres dost\u0119pnej sali szkoleniowej zostanie przes\u0142any przed szkoleniem.<\/li>\n<li>Skrypt drukowany i materia\u0142y \u0107wiczeniowe na pendrive<\/li>\n<li>Opieka trenera przez okres 30 dni<\/li>\n<li>Gwarancja przyswojenia wiedzy<\/li>\n<li>Certyfikat uko\u0144czenia szkolenia PL\/EN<\/li>\n<\/ul>\n<p><strong>UWAGA: W przypadku braku zg\u0142oszenia si\u0119 na szkolenie min 5 os\u00f3b szkolenie mo\u017ce zosta\u0107 prze\u0142o\u017cone na inny termin.<\/strong><\/p>\n","protected":false},"featured_media":4168,"comment_status":"closed","ping_status":"closed","template":"","meta":[],"product_cat":[41],"product_tag":[],"class_list":["post-4150","product","type-product","status-publish","has-post-thumbnail","hentry","product_cat-szkolenia-stacjonarne"],"jetpack_sharing_enabled":true,"_links":{"self":[{"href":"https:\/\/expert-wiedzy.pl\/index.php\/wp-json\/wp\/v2\/product\/4150","targetHints":{"allow":["GET"]}}],"collection":[{"href":"https:\/\/expert-wiedzy.pl\/index.php\/wp-json\/wp\/v2\/product"}],"about":[{"href":"https:\/\/expert-wiedzy.pl\/index.php\/wp-json\/wp\/v2\/types\/product"}],"replies":[{"embeddable":true,"href":"https:\/\/expert-wiedzy.pl\/index.php\/wp-json\/wp\/v2\/comments?post=4150"}],"wp:featuredmedia":[{"embeddable":true,"href":"https:\/\/expert-wiedzy.pl\/index.php\/wp-json\/wp\/v2\/media\/4168"}],"wp:attachment":[{"href":"https:\/\/expert-wiedzy.pl\/index.php\/wp-json\/wp\/v2\/media?parent=4150"}],"wp:term":[{"taxonomy":"product_cat","embeddable":true,"href":"https:\/\/expert-wiedzy.pl\/index.php\/wp-json\/wp\/v2\/product_cat?post=4150"},{"taxonomy":"product_tag","embeddable":true,"href":"https:\/\/expert-wiedzy.pl\/index.php\/wp-json\/wp\/v2\/product_tag?post=4150"}],"curies":[{"name":"wp","href":"https:\/\/api.w.org\/{rel}","templated":true}]}}